{"id":2,"date":"2023-10-30T19:36:43","date_gmt":"2023-10-30T19:36:43","guid":{"rendered":"http:\/\/rjznahg.cluster028.hosting.ovh.net\/?page_id=2"},"modified":"2025-08-02T15:33:11","modified_gmt":"2025-08-02T15:33:11","slug":"apartamentos-ombu","status":"publish","type":"page","link":"https:\/\/ombuzahora.com\/","title":{"rendered":"Apartamentos Omb\u00fa"},"content":{"rendered":"<p>[et_pb_section fb_built=\u00bb1&#8243; inner_shadow=\u00bbon\u00bb _builder_version=\u00bb4.19.4&#8243; _module_preset=\u00bbdefault\u00bb background_enable_color=\u00bboff\u00bb custom_padding=\u00bb0px|||||\u00bb global_colors_info=\u00bb{}\u00bb][et_pb_row column_structure=\u00bb1_2,1_2&#8243; make_equal=\u00bbon\u00bb disabled_on=\u00bbon|on|off\u00bb _builder_version=\u00bb4.19.4&#8243; _module_preset=\u00bbdefault\u00bb custom_padding=\u00bb50px|||||\u00bb custom_css_main_element=\u00bbdisplay: flex;||align-items: center;||justify-content: center;\u00bb global_colors_info=\u00bb{}\u00bb custom_css_main_element_last_edited=\u00bbon|phone\u00bb custom_css_main_element_tablet=\u00bbflex-direction: column-reverse;||display: flex;||align-items: center;||justify-content: center;\u00bb custom_css_main_element_phone=\u00bbflex-direction: column-reverse;||display: flex;||align-items: center;||justify-content: center;\u00bb][et_pb_column type=\u00bb1_2&#8243; _builder_version=\u00bb4.19.4&#8243; _module_preset=\u00bbdefault\u00bb custom_css_main_element=\u00bbdisplay: flex;||align-items: center;\u00bb global_colors_info=\u00bb{}\u00bb][et_pb_gallery gallery_ids=\u00bb6997,6978,6989,6970,7248,7247,7251&#8243; fullwidth=\u00bbon\u00bb _builder_version=\u00bb4.19.4&#8243; _module_preset=\u00bbdefault\u00bb min_height=\u00bb100%\u00bb height=\u00bb100%\u00bb max_height=\u00bb100%\u00bb border_radii=\u00bbon|10px|10px|10px|10px\u00bb global_colors_info=\u00bb{}\u00bb][\/et_pb_gallery][\/et_pb_column][et_pb_column type=\u00bb1_2&#8243; _builder_version=\u00bb4.19.4&#8243; _module_preset=\u00bbdefault\u00bb global_colors_info=\u00bb{}\u00bb custom_css_main_element_last_edited=\u00bbon|desktop\u00bb][et_pb_text _builder_version=\u00bb4.19.4&#8243; _module_preset=\u00bbdefault\u00bb text_font=\u00bbOpen Sans||||||||\u00bb text_text_color=\u00bb#000000&#8243; text_font_size=\u00bb18px\u00bb text_line_height=\u00bb1.2em\u00bb header_font=\u00bbMontserrat|700|||||||\u00bb header_text_color=\u00bb#000000&#8243; header_font_size=\u00bb45px\u00bb header_2_font=\u00bbMontserrat|700|||||||\u00bb header_2_text_color=\u00bb#000000&#8243; text_font_size_tablet=\u00bb18px\u00bb text_font_size_phone=\u00bb18px\u00bb text_font_size_last_edited=\u00bbon|desktop\u00bb header_font_size_tablet=\u00bb0px\u00bb header_font_size_phone=\u00bb0px\u00bb header_font_size_last_edited=\u00bbon|phone\u00bb global_colors_info=\u00bb{}\u00bb]<\/p>\n<h1><\/h1>\n<p><strong>Apartamentos Omb\u00fa<\/strong> es un complejo de apartamentos tur\u00edsticos en la <strong>Playa de Zahora<\/strong>, junto a Los Ca\u00f1os de Meca.<\/p>\n<p>&nbsp;<\/p>\n<h2 style=\"text-align: left;\">Vacaciones con los tuyos<\/h2>\n<p>Dispone de apartamentos para 2, 3 o 4 personas totalmente equipados para disfrutar de su estancia, con <b>terraza privada<\/b>.<br \/>Adem\u00e1s comparten piscina y jard\u00edn con el resto de apartamentos, perfectamente orientados para disfrutar el maravilloso sol de la costa gaditana. El complejo cuenta con <b>parking privado<\/b> dentro del recinto y <b>WIFI gratis<\/b> para todos los hu\u00e9spedes.<\/p>\n<p>El apartamento est\u00e1 totalmente renovado, por lo que no permitimos mascotas. Disculpen las molestias.<\/p>\n<p>&nbsp;<\/p>\n<h2 style=\"text-align: left;\">\u00bfPlaya o piscina? Playa y piscina.<\/h2>\n<p>A poco m\u00e1s de 5 minutos andando de la playa de Zahora y, desde all\u00ed, un paseo nos llevar\u00e1 hasta el famoso <strong>Faro de Trafalgar<\/strong>.<br \/>La zona es muy tranquila, y cuenta con gran variedad de restaurantes, tiendas de alimentaci\u00f3n y todo lo necesario para disfrutar de unas vacaciones espectaculares en este peque\u00f1o para\u00edso.<\/p>\n<p>Para cualquier informaci\u00f3n extra no dudes en ponerte en contacto con nosotros.<\/p>\n<p>[\/et_pb_text][et_pb_button button_url=\u00bbhttp:\/\/www.ombuzahora.com\/index.php\/contacto\u00bb button_text=\u00bbReserva YA!\u00bb button_alignment=\u00bbcenter\u00bb _builder_version=\u00bb4.19.4&#8243; _module_preset=\u00bbdefault\u00bb custom_button=\u00bbon\u00bb button_text_color=\u00bb#FFFFFF\u00bb button_bg_color=\u00bb#3D6C04&#8243; button_border_width=\u00bb2px\u00bb button_border_color=\u00bb#3D6C04&#8243; button_border_radius=\u00bb10px\u00bb button_font=\u00bbOpen Sans||||||||\u00bb custom_margin=\u00bb||20px||false|false\u00bb global_colors_info=\u00bb{}\u00bb button_text_color__hover_enabled=\u00bbon|hover\u00bb button_text_color__hover=\u00bb#3D6C04&#8243; button_bg_color__hover_enabled=\u00bbon|hover\u00bb button_bg_color__hover=\u00bb#FFFFFF\u00bb button_bg_enable_color__hover=\u00bbon\u00bb button_border_width__hover_enabled=\u00bbon|hover\u00bb button_border_width__hover=\u00bb2px\u00bb][\/et_pb_button][\/et_pb_column][\/et_pb_row][et_pb_row column_structure=\u00bb1_2,1_2&#8243; make_equal=\u00bbon\u00bb disabled_on=\u00bboff|off|on\u00bb _builder_version=\u00bb4.19.4&#8243; _module_preset=\u00bbdefault\u00bb custom_padding=\u00bb50px||0px|||\u00bb custom_css_main_element=\u00bbdisplay: flex;||align-items: center;||justify-content: center;\u00bb global_colors_info=\u00bb{}\u00bb custom_css_main_element_last_edited=\u00bbon|phone\u00bb custom_css_main_element_tablet=\u00bbflex-direction: column-reverse;||display: flex;||align-items: center;||justify-content: center;\u00bb custom_css_main_element_phone=\u00bbflex-direction: column-reverse;||display: flex;||align-items: center;||justify-content: center;\u00bb][et_pb_column type=\u00bb1_2&#8243; _builder_version=\u00bb4.19.4&#8243; _module_preset=\u00bbdefault\u00bb custom_css_main_element=\u00bbdisplay: flex;||align-items: center;\u00bb global_colors_info=\u00bb{}\u00bb][\/et_pb_column][et_pb_column type=\u00bb1_2&#8243; _builder_version=\u00bb4.19.4&#8243; _module_preset=\u00bbdefault\u00bb global_colors_info=\u00bb{}\u00bb custom_css_main_element_last_edited=\u00bbon|desktop\u00bb][et_pb_text _builder_version=\u00bb4.19.4&#8243; _module_preset=\u00bbdefault\u00bb text_font=\u00bbOpen Sans||||||||\u00bb text_text_color=\u00bb#000000&#8243; text_font_size=\u00bb18px\u00bb text_line_height=\u00bb1.2em\u00bb header_font=\u00bbMontserrat|700|||||||\u00bb header_text_color=\u00bb#000000&#8243; header_font_size=\u00bb45px\u00bb header_2_font=\u00bbMontserrat|700|||||||\u00bb header_2_text_color=\u00bb#000000&#8243; custom_margin=\u00bb||-1px|||\u00bb text_font_size_tablet=\u00bb18px\u00bb text_font_size_phone=\u00bb18px\u00bb text_font_size_last_edited=\u00bbon|desktop\u00bb header_font_size_tablet=\u00bb0px\u00bb header_font_size_phone=\u00bb0px\u00bb header_font_size_last_edited=\u00bbon|phone\u00bb global_colors_info=\u00bb{}\u00bb]<strong>Apartamentos Omb\u00fa<\/strong> es un complejo de apartamentos tur\u00edsticos en la <strong>Playa de Zahora<\/strong>, junto a Los Ca\u00f1os de Meca.<\/p>\n<p>&nbsp;[\/et_pb_text][et_pb_gallery gallery_ids=\u00bb6997,6978,6989,6970,7248,7247,7251&#8243; fullwidth=\u00bbon\u00bb _builder_version=\u00bb4.19.4&#8243; _module_preset=\u00bbdefault\u00bb min_height=\u00bb100%\u00bb height=\u00bb100%\u00bb max_height=\u00bb100%\u00bb border_radii=\u00bbon|10px|10px|10px|10px\u00bb global_colors_info=\u00bb{}\u00bb][\/et_pb_gallery][et_pb_button button_url=\u00bbhttp:\/\/www.ombuzahora.com\/index.php\/contacto\u00bb button_text=\u00bbReserva YA!\u00bb button_alignment=\u00bbcenter\u00bb _builder_version=\u00bb4.19.4&#8243; _module_preset=\u00bbdefault\u00bb custom_button=\u00bbon\u00bb button_text_color=\u00bb#FFFFFF\u00bb button_bg_color=\u00bb#3D6C04&#8243; button_border_width=\u00bb2px\u00bb button_border_color=\u00bb#3D6C04&#8243; button_border_radius=\u00bb10px\u00bb button_font=\u00bbOpen Sans||||||||\u00bb custom_margin=\u00bb||20px||false|false\u00bb global_colors_info=\u00bb{}\u00bb button_text_color__hover_enabled=\u00bbon|hover\u00bb button_text_color__hover=\u00bb#3D6C04&#8243; button_bg_color__hover_enabled=\u00bbon|hover\u00bb button_bg_color__hover=\u00bb#FFFFFF\u00bb button_bg_enable_color__hover=\u00bbon\u00bb button_border_width__hover_enabled=\u00bbon|hover\u00bb button_border_width__hover=\u00bb2px\u00bb][\/et_pb_button][et_pb_text _builder_version=\u00bb4.19.4&#8243; _module_preset=\u00bbdefault\u00bb text_font=\u00bbOpen Sans||||||||\u00bb text_text_color=\u00bb#000000&#8243; header_2_font=\u00bbMontserrat|700|||||||\u00bb global_colors_info=\u00bb{}\u00bb]<\/p>\n<h2 style=\"text-align: left;\">Vacaciones con los tuyos<\/h2>\n<p>Dispone de apartamentos para 2, 3 o 4 personas totalmente equipados para disfrutar de su estancia, con <b>terraza privada<\/b>.<br \/>Adem\u00e1s comparten piscina y jard\u00edn con el resto de apartamentos, perfectamente orientados para disfrutar el maravilloso sol de la costa gaditana. El complejo cuenta con <b>parking privado<\/b> dentro del recinto y <b>WIFI gratis<\/b> para todos los hu\u00e9spedes.<\/p>\n<p>&nbsp;<\/p>\n<p>El apartamento est\u00e1 totalmente renovado, por lo que no permitimos mascotas. Disculpen las molestias.<\/p>\n<p>&nbsp;<\/p>\n<h2 style=\"text-align: left;\">\u00bfPlaya o piscina? Playa y piscina.<\/h2>\n<p>A poco m\u00e1s de 5 minutos andando de la playa de Zahora y, desde all\u00ed, un paseo nos llevar\u00e1 hasta el famoso <strong>Faro de Trafalgar<\/strong>.<br \/>La zona es muy tranquila, y cuenta con gran variedad de restaurantes, tiendas de alimentaci\u00f3n y todo lo necesario para disfrutar de unas vacaciones espectaculares en este peque\u00f1o para\u00edso.<\/p>\n<p>Para cualquier informaci\u00f3n extra no dudes en ponerte en contacto con nosotros.<\/p>\n<p>[\/et_pb_text][et_pb_button button_url=\u00bbhttp:\/\/www.ombuzahora.com\/index.php\/contacto\u00bb button_text=\u00bbConsulta disponibilidad!\u00bb button_alignment=\u00bbcenter\u00bb _builder_version=\u00bb4.19.4&#8243; _module_preset=\u00bbdefault\u00bb custom_button=\u00bbon\u00bb button_text_color=\u00bb#FFFFFF\u00bb button_bg_color=\u00bb#3D6C04&#8243; button_border_width=\u00bb2px\u00bb button_border_color=\u00bb#3D6C04&#8243; button_border_radius=\u00bb10px\u00bb button_font=\u00bbOpen Sans||||||||\u00bb custom_margin=\u00bb||20px||false|false\u00bb global_colors_info=\u00bb{}\u00bb button_text_color__hover_enabled=\u00bbon|hover\u00bb button_text_color__hover=\u00bb#3D6C04&#8243; button_bg_color__hover_enabled=\u00bbon|hover\u00bb button_bg_color__hover=\u00bb#FFFFFF\u00bb button_bg_enable_color__hover=\u00bbon\u00bb button_border_width__hover_enabled=\u00bbon|hover\u00bb button_border_width__hover=\u00bb2px\u00bb][\/et_pb_button][\/et_pb_column][\/et_pb_row][\/et_pb_section][et_pb_section fb_built=\u00bb1&#8243; _builder_version=\u00bb4.19.4&#8243; _module_preset=\u00bbdefault\u00bb global_colors_info=\u00bb{}\u00bb][et_pb_row _builder_version=\u00bb4.19.4&#8243; _module_preset=\u00bbdefault\u00bb global_colors_info=\u00bb{}\u00bb][et_pb_column type=\u00bb4_4&#8243; _builder_version=\u00bb4.19.4&#8243; _module_preset=\u00bbdefault\u00bb global_colors_info=\u00bb{}\u00bb][et_pb_code _builder_version=\u00bb4.19.4&#8243; _module_preset=\u00bbdefault\u00bb custom_css_main_element=\u00bbfont-family: Open Sans;||font-size: 18px;||color: black;||a{||  color: black;||}||th {||  font-family: Montserrat;||  font-size: 24px;||}||@media screen and (max-width: 600px){||  .temporada_col{||  display: none;||}||}||||\u00bb global_colors_info=\u00bb{}\u00bb]<\/p>\n<table style=\"width: 100%; border-collapse: collapse;\"><!-- [et_pb_line_break_holder] -->  <\/p>\n<thead><!-- [et_pb_line_break_holder] -->    <\/p>\n<tr style=\"background-color: #f2f2f2;\"><!-- [et_pb_line_break_holder] -->      <\/p>\n<th style=\"padding: 10px; text-align: left; border: 1px solid #ddd;\" class = \"temporada_col\">Temporada<\/th>\n<p><!-- [et_pb_line_break_holder] -->      <\/p>\n<th style=\"padding: 10px; text-align: left; border: 1px solid #ddd;\">Meses<\/th>\n<p><!-- [et_pb_line_break_holder] -->      <\/p>\n<th style=\"padding: 10px; text-align: left; border: 1px solid #ddd;\">Condiciones<\/th>\n<p><!-- [et_pb_line_break_holder] -->    <\/tr>\n<p><!-- [et_pb_line_break_holder] -->  <\/thead>\n<p><!-- [et_pb_line_break_holder] -->  <\/p>\n<tbody><!-- [et_pb_line_break_holder] -->    <\/p>\n<tr><!-- [et_pb_line_break_holder] -->      <\/p>\n<td style=\"padding: 10px; border: 1px solid #ddd;\" rowspan=\"2\" class = \"temporada_col\">Verano<\/td>\n<p><!-- [et_pb_line_break_holder] -->      <\/p>\n<td style=\"padding: 10px; border: 1px solid #ddd;\">Junio y Septiembre<\/td>\n<p><!-- [et_pb_line_break_holder] -->      <\/p>\n<td style=\"padding: 10px; border: 1px solid #ddd;\">M\u00ednimo dos noches.<!\u2013- [et_pb_br_holder] -\u2013>Precio especial en junio si se alquila una semana de lunes a lunes.<\/td>\n<p><!-- [et_pb_line_break_holder] -->    <\/tr>\n<p><!-- [et_pb_line_break_holder] -->    <\/p>\n<tr><!-- [et_pb_line_break_holder] -->      <\/p>\n<td style=\"padding: 10px; border: 1px solid #ddd;\">Julio y Agosto<\/td>\n<p><!-- [et_pb_line_break_holder] -->      <\/p>\n<td style=\"padding: 10px; border: 1px solid #ddd;\">M\u00ednimo una semana.<\/td>\n<p><!-- [et_pb_line_break_holder] -->    <\/tr>\n<p><!-- [et_pb_line_break_holder] -->    <\/p>\n<tr><!-- [et_pb_line_break_holder] -->      <\/p>\n<td style=\"padding: 10px; border: 1px solid #ddd;\" class = \"temporada_col\">Invierno<\/td>\n<p><!-- [et_pb_line_break_holder] -->      <\/p>\n<td style=\"padding: 10px; border: 1px solid #ddd;\">Octubre a Mayo<\/td>\n<p><!-- [et_pb_line_break_holder] -->      <\/p>\n<td style=\"padding: 10px; border: 1px solid #ddd;\">Alquiler por semanas y meses. Tambi\u00e9n fines de semana.<!\u2013- [et_pb_br_holder] -\u2013>Consultar precios.<\/td>\n<p><!-- [et_pb_line_break_holder] -->    <\/tr>\n<p><!-- [et_pb_line_break_holder] -->    <\/p>\n<tr><!-- [et_pb_line_break_holder] -->      <\/p>\n<td style=\"padding: 10px; border: 1px solid #ddd;\" class = \"temporada_col\">Temporada Escolar<\/td>\n<p><!-- [et_pb_line_break_holder] -->      <\/p>\n<td style=\"padding: 10px; border: 1px solid #ddd;\">15 de septiembre al 15 de junio<\/td>\n<p><!-- [et_pb_line_break_holder] -->      <\/p>\n<td style=\"padding: 10px; border: 1px solid #ddd;\">Consultar precios.<\/td>\n<p><!-- [et_pb_line_break_holder] -->    <\/tr>\n<p><!-- [et_pb_line_break_holder] -->  <\/tbody>\n<p><!-- [et_pb_line_break_holder] --><\/table>\n<p><!-- [et_pb_line_break_holder] --><!-- [et_pb_line_break_holder] -->[\/et_pb_code][et_pb_slider use_bg_overlay=\u00bboff\u00bb use_text_overlay=\u00bbon\u00bb arrows_custom_color=\u00bb#FFFFFF\u00bb _builder_version=\u00bb4.19.4&#8243; _module_preset=\u00bbdefault\u00bb background_enable_color=\u00bboff\u00bb global_colors_info=\u00bb{}\u00bb][et_pb_slide button_link=\u00bbhttp:\/\/ombuzahora.com\/index.php\/contacto\u00bb use_bg_overlay=\u00bboff\u00bb use_text_overlay=\u00bboff\u00bb _builder_version=\u00bb4.19.4&#8243; _module_preset=\u00bbdefault\u00bb background_enable_color=\u00bboff\u00bb background_image=\u00bbhttps:\/\/ombuzahora.com\/wp-content\/uploads\/2023\/11\/IMG_20230316_125538-01-scaled.jpeg\u00bb background_enable_image=\u00bbon\u00bb global_colors_info=\u00bb{}\u00bb sticky_transition=\u00bbon\u00bb][\/et_pb_slide][et_pb_slide use_text_overlay=\u00bboff\u00bb _builder_version=\u00bb4.19.4&#8243; _module_preset=\u00bbdefault\u00bb background_enable_color=\u00bboff\u00bb background_image=\u00bbhttps:\/\/ombuzahora.com\/wp-content\/uploads\/2023\/11\/IMG_20200611_165303-01-01-scaled.jpeg\u00bb background_enable_image=\u00bbon\u00bb global_colors_info=\u00bb{}\u00bb sticky_transition=\u00bbon\u00bb][\/et_pb_slide][et_pb_slide use_text_overlay=\u00bboff\u00bb _builder_version=\u00bb4.19.4&#8243; _module_preset=\u00bbdefault\u00bb background_enable_color=\u00bboff\u00bb background_image=\u00bbhttps:\/\/ombuzahora.com\/wp-content\/uploads\/2023\/11\/IMG_20200611_164135-01-01-scaled.jpeg\u00bb background_enable_image=\u00bbon\u00bb global_colors_info=\u00bb{}\u00bb sticky_transition=\u00bbon\u00bb][\/et_pb_slide][et_pb_slide use_text_overlay=\u00bboff\u00bb _builder_version=\u00bb4.19.4&#8243; _module_preset=\u00bbdefault\u00bb background_enable_color=\u00bboff\u00bb background_image=\u00bbhttps:\/\/ombuzahora.com\/wp-content\/uploads\/2023\/11\/GOPR0895_1591887582300-01-01-scaled.jpeg\u00bb background_enable_image=\u00bbon\u00bb global_colors_info=\u00bb{}\u00bb sticky_transition=\u00bbon\u00bb][\/et_pb_slide][et_pb_slide use_text_overlay=\u00bboff\u00bb _builder_version=\u00bb4.19.4&#8243; _module_preset=\u00bbdefault\u00bb background_enable_color=\u00bboff\u00bb background_image=\u00bbhttps:\/\/ombuzahora.com\/wp-content\/uploads\/2024\/06\/WhatsApp-Image-2024-06-20-at-09.00.37.jpeg\u00bb background_enable_image=\u00bbon\u00bb global_colors_info=\u00bb{}\u00bb sticky_transition=\u00bbon\u00bb][\/et_pb_slide][et_pb_slide use_text_overlay=\u00bboff\u00bb _builder_version=\u00bb4.19.4&#8243; _module_preset=\u00bbdefault\u00bb background_enable_color=\u00bboff\u00bb background_image=\u00bbhttps:\/\/ombuzahora.com\/wp-content\/uploads\/2024\/06\/WhatsApp-Image-2024-06-20-at-09.00.36.jpeg\u00bb background_enable_image=\u00bbon\u00bb global_colors_info=\u00bb{}\u00bb sticky_transition=\u00bbon\u00bb][\/et_pb_slide][et_pb_slide use_text_overlay=\u00bboff\u00bb _builder_version=\u00bb4.19.4&#8243; _module_preset=\u00bbdefault\u00bb background_enable_color=\u00bboff\u00bb background_image=\u00bbhttps:\/\/ombuzahora.com\/wp-content\/uploads\/2024\/06\/WhatsApp-Image-2024-06-20-at-09.00.42-3.jpeg\u00bb background_enable_image=\u00bbon\u00bb global_colors_info=\u00bb{}\u00bb sticky_transition=\u00bbon\u00bb][\/et_pb_slide][et_pb_slide use_text_overlay=\u00bboff\u00bb _builder_version=\u00bb4.19.4&#8243; _module_preset=\u00bbdefault\u00bb background_enable_color=\u00bboff\u00bb background_image=\u00bbhttps:\/\/ombuzahora.com\/wp-content\/uploads\/2024\/06\/WhatsApp-Image-2024-06-20-at-09.00.38.jpeg\u00bb background_enable_image=\u00bbon\u00bb global_colors_info=\u00bb{}\u00bb sticky_transition=\u00bbon\u00bb][\/et_pb_slide][et_pb_slide use_text_overlay=\u00bboff\u00bb _builder_version=\u00bb4.19.4&#8243; _module_preset=\u00bbdefault\u00bb background_enable_color=\u00bboff\u00bb background_image=\u00bbhttps:\/\/ombuzahora.com\/wp-content\/uploads\/2024\/06\/WhatsApp-Image-2024-06-20-at-09.00.40.jpeg\u00bb background_enable_image=\u00bbon\u00bb global_colors_info=\u00bb{}\u00bb sticky_transition=\u00bbon\u00bb][\/et_pb_slide][et_pb_slide heading=\u00bb\u00bfA\u00fan no has hecho las maletas?\u00bb button_text=\u00bbReserva aqu\u00ed!\u00bb button_link=\u00bbhttp:\/\/ombuzahora.com\/index.php\/contacto\u00bb url_new_window=\u00bbon\u00bb use_bg_overlay=\u00bboff\u00bb use_text_overlay=\u00bbon\u00bb _builder_version=\u00bb4.19.4&#8243; _module_preset=\u00bbdefault\u00bb background_enable_color=\u00bboff\u00bb background_image=\u00bbhttps:\/\/ombuzahora.com\/wp-content\/uploads\/2023\/11\/IMG_20200611_164006-01-01-scaled.jpeg\u00bb background_enable_image=\u00bbon\u00bb global_colors_info=\u00bb{}\u00bb sticky_transition=\u00bbon\u00bb][\/et_pb_slide][\/et_pb_slider][\/et_pb_column][\/et_pb_row][et_pb_row _builder_version=\u00bb4.19.4&#8243; _module_preset=\u00bbdefault\u00bb][et_pb_column _builder_version=\u00bb4.19.4&#8243; _module_preset=\u00bbdefault\u00bb type=\u00bb4_4&#8243;][et_pb_button button_text=\u00bbVER GALER\u00cdA COMPLETA\u00bb _builder_version=\u00bb4.19.4&#8243; _module_preset=\u00bbdefault\u00bb hover_enabled=\u00bb0&#8243; sticky_enabled=\u00bb0&#8243; button_alignment=\u00bbcenter\u00bb button_url=\u00bbhttps:\/\/ombuzahora.com\/index.php\/galeria\/\u00bb custom_button=\u00bbon\u00bb button_text_color=\u00bb#FFFFFF\u00bb button_bg_color=\u00bb#3D6C04&#8243; button_bg_enable_color=\u00bbon\u00bb button_border_radius=\u00bb10px\u00bb button_letter_spacing=\u00bb0px\u00bb custom_padding=\u00bb10px||10px||false|false\u00bb][\/et_pb_button][\/et_pb_column][\/et_pb_row][\/et_pb_section][et_pb_section fb_built=\u00bb1&#8243; _builder_version=\u00bb4.19.4&#8243; _module_preset=\u00bbdefault\u00bb custom_padding=\u00bb50px||||false|false\u00bb global_colors_info=\u00bb{}\u00bb][et_pb_row _builder_version=\u00bb4.19.4&#8243; _module_preset=\u00bbdefault\u00bb global_colors_info=\u00bb{}\u00bb][et_pb_column type=\u00bb4_4&#8243; _builder_version=\u00bb4.19.4&#8243; _module_preset=\u00bbdefault\u00bb global_colors_info=\u00bb{}\u00bb][et_pb_text _builder_version=\u00bb4.19.4&#8243; _module_preset=\u00bbdefault\u00bb header_font=\u00bbMontserrat|700|||||||\u00bb header_text_align=\u00bbcenter\u00bb header_text_color=\u00bb#000000&#8243; header_font_size=\u00bb45px\u00bb global_colors_info=\u00bb{}\u00bb]<\/p>\n<h1>\u00bfD\u00f3nde estamos?<img loading=\"lazy\" decoding=\"async\" src=\"https:\/\/ombuzahora.com\/wp-content\/uploads\/2024\/01\/location-pin-svgrepo-com.svg\" width=\"60\" height=\"300\" alt=\"\" class=\"wp-image-7042 alignnone size-medium\" \/><\/h1>\n<p>[\/et_pb_text][\/et_pb_column][\/et_pb_row][et_pb_row _builder_version=\u00bb4.19.4&#8243; _module_preset=\u00bbdefault\u00bb global_colors_info=\u00bb{}\u00bb][et_pb_column type=\u00bb4_4&#8243; _builder_version=\u00bb4.19.4&#8243; _module_preset=\u00bbdefault\u00bb global_colors_info=\u00bb{}\u00bb][et_pb_code _builder_version=\u00bb4.19.4&#8243; _module_preset=\u00bbdefault\u00bb module_alignment=\u00bbcenter\u00bb global_colors_info=\u00bb{}\u00bb]<iframe loading=\"lazy\" src=\"https:\/\/www.google.com\/maps\/d\/u\/2\/embed?mid=1HVV3qi5e0JM_v0UPuobpZTU55HSgKPo&#038;ehbc=2E312F&#038;noprof=1\" width=\"100%\" height=\"500\"><\/iframe>[\/et_pb_code][\/et_pb_column][\/et_pb_row][\/et_pb_section]<\/p>\n","protected":false},"excerpt":{"rendered":"<p>Apartamentos Omb\u00fa es un complejo de apartamentos tur\u00edsticos en la Playa de Zahora, junto a Los Ca\u00f1os de Meca. &nbsp; Vacaciones con los tuyos Dispone de apartamentos para 2, 3 o 4 personas totalmente equipados para disfrutar de su estancia, con terraza privada.Adem\u00e1s comparten piscina y jard\u00edn con el resto de apartamentos, perfectamente orientados para [&hellip;]<\/p>\n","protected":false},"author":1,"featured_media":0,"parent":0,"menu_order":0,"comment_status":"closed","ping_status":"closed","template":"","meta":{"_et_pb_use_builder":"on","_et_pb_old_content":"<!-- wp:paragraph -->\n<p>Esta es una p\u00e1gina de ejemplo. Es diferente a una entrada del blog porque permanecer\u00e1 en un solo lugar y aparecer\u00e1 en la navegaci\u00f3n de tu sitio (en la mayor\u00eda de los temas). La mayor\u00eda de las personas comienzan con una p\u00e1gina \u00abAcerca de\u00bb que les presenta a los visitantes potenciales del sitio. Podr\u00edas decir algo as\u00ed:<\/p>\n<!-- \/wp:paragraph -->\n\n<!-- wp:quote -->\n<blockquote class=\"wp-block-quote\"><p>\u00a1Bienvenido! Soy camarero de d\u00eda, aspirante a actor de noche y esta es mi web. Vivo en Mairena del Alcor, tengo un perro que se llama Firulais y me gusta el rebujito. (Y las tardes largas con caf\u00e9).<\/p><\/blockquote>\n<!-- \/wp:quote -->\n\n<!-- wp:paragraph -->\n<p>\u2026o algo as\u00ed:<\/p>\n<!-- \/wp:paragraph -->\n\n<!-- wp:quote -->\n<blockquote class=\"wp-block-quote\"><p>La empresa \u00abMariscos Recio\u00bb fue fundada por Antonio Recio Mata. Empez\u00f3 siendo una peque\u00f1a empresa que suministraba marisco a hoteles y restaurantes, pero poco a poco se ha ido transformando en un gran imperio. Mariscos Recio, el mar al mejor precio.<\/p><\/blockquote>\n<!-- \/wp:quote -->\n\n<!-- wp:paragraph -->\n<p>Como nuevo usuario de WordPress, deber\u00edas ir a <a href=\"http:\/\/rjznahg.cluster028.hosting.ovh.net\/wp-admin\/\">tu escritorio<\/a> para borrar esta p\u00e1gina y crear nuevas p\u00e1ginas para tu contenido. \u00a1P\u00e1salo bien!<\/p>\n<!-- \/wp:paragraph -->","_et_gb_content_width":"","inline_featured_image":false,"footnotes":""},"class_list":["post-2","page","type-page","status-publish","hentry"],"_links":{"self":[{"href":"https:\/\/ombuzahora.com\/index.php\/wp-json\/wp\/v2\/pages\/2","targetHints":{"allow":["GET"]}}],"collection":[{"href":"https:\/\/ombuzahora.com\/index.php\/wp-json\/wp\/v2\/pages"}],"about":[{"href":"https:\/\/ombuzahora.com\/index.php\/wp-json\/wp\/v2\/types\/page"}],"author":[{"embeddable":true,"href":"https:\/\/ombuzahora.com\/index.php\/wp-json\/wp\/v2\/users\/1"}],"replies":[{"embeddable":true,"href":"https:\/\/ombuzahora.com\/index.php\/wp-json\/wp\/v2\/comments?post=2"}],"version-history":[{"count":49,"href":"https:\/\/ombuzahora.com\/index.php\/wp-json\/wp\/v2\/pages\/2\/revisions"}],"predecessor-version":[{"id":7285,"href":"https:\/\/ombuzahora.com\/index.php\/wp-json\/wp\/v2\/pages\/2\/revisions\/7285"}],"wp:attachment":[{"href":"https:\/\/ombuzahora.com\/index.php\/wp-json\/wp\/v2\/media?parent=2"}],"curies":[{"name":"wp","href":"https:\/\/api.w.org\/{rel}","templated":true}]}}