{"id":7060,"date":"2024-01-19T10:53:18","date_gmt":"2024-01-19T10:53:18","guid":{"rendered":"http:\/\/rjznahg.cluster028.hosting.ovh.net\/?page_id=7060"},"modified":"2025-08-02T15:46:51","modified_gmt":"2025-08-02T15:46:51","slug":"galeria","status":"publish","type":"page","link":"https:\/\/ombuzahora.com\/index.php\/galeria\/","title":{"rendered":"Galer\u00eda"},"content":{"rendered":"<p>[et_pb_section fb_built=\u00bb1&#8243; _builder_version=\u00bb4.19.4&#8243; _module_preset=\u00bbdefault\u00bb custom_margin=\u00bb0px||0px||true|false\u00bb custom_padding=\u00bb0px||0px||true|false\u00bb global_colors_info=\u00bb{}\u00bb][et_pb_row _builder_version=\u00bb4.19.4&#8243; _module_preset=\u00bbdefault\u00bb global_colors_info=\u00bb{}\u00bb][et_pb_column type=\u00bb4_4&#8243; _builder_version=\u00bb4.19.4&#8243; _module_preset=\u00bbdefault\u00bb global_colors_info=\u00bb{}\u00bb][et_pb_text _builder_version=\u00bb4.19.4&#8243; _module_preset=\u00bbdefault\u00bb text_font=\u00bbOpen Sans||||||||\u00bb text_text_color=\u00bb#000000&#8243; header_2_font=\u00bbMontserrat|700|||||||\u00bb header_2_text_align=\u00bbcenter\u00bb header_2_text_color=\u00bb#000000&#8243; header_2_font_size=\u00bb30px\u00bb custom_margin=\u00bb0px||0px||true|false\u00bb global_colors_info=\u00bb{}\u00bb]<\/p>\n<h2>TOTALMENTE EQUIPADA<\/h2>\n<p>Desde <strong>Apartamentos Omb\u00fa<\/strong> nos preocupamos por el bienestar y la comodidad de nuestros hu\u00e9spedes. Desde el primer d\u00eda hemos escuchado las <b>sugerencias y peticiones<\/b> de todo aquel que ha pasado sus vacaciones en el apartamento. Gracias a esto hemos ido equipando y adaptando los espacios con los que contamos para el mayor disfrute posible, en un <b>lugar renovado<\/b> a\u00f1o a a\u00f1o.<\/p>\n<p>&nbsp;<\/p>\n<p>[\/et_pb_text][et_pb_button button_text=\u00bbCont\u00e1ctanos!\u00bb button_alignment=\u00bbcenter\u00bb _builder_version=\u00bb4.19.4&#8243; _module_preset=\u00bbdefault\u00bb custom_button=\u00bbon\u00bb button_text_color=\u00bb#FFFFFF\u00bb button_bg_color=\u00bb#3D6C04&#8243; button_border_width=\u00bb0px\u00bb button_border_radius=\u00bb4px\u00bb button_font=\u00bbOpen Sans||||||||\u00bb custom_padding=\u00bb15px|30px|15px|30px|false|true\u00bb global_colors_info=\u00bb{}\u00bb][\/et_pb_button][\/et_pb_column][\/et_pb_row][\/et_pb_section][et_pb_section fb_built=\u00bb1&#8243; _builder_version=\u00bb4.19.4&#8243; _module_preset=\u00bbdefault\u00bb global_colors_info=\u00bb{}\u00bb][et_pb_row column_structure=\u00bb1_3,1_3,1_3&#8243; _builder_version=\u00bb4.19.4&#8243; _module_preset=\u00bbdefault\u00bb global_colors_info=\u00bb{}\u00bb][et_pb_column type=\u00bb1_3&#8243; _builder_version=\u00bb4.19.4&#8243; _module_preset=\u00bbdefault\u00bb global_colors_info=\u00bb{}\u00bb][et_pb_image src=\u00bbhttps:\/\/ombuzahora.com\/wp-content\/uploads\/2023\/11\/IMG_20230316_125538-01-scaled.jpeg\u00bb title_text=\u00bbPiscina\u00bb _builder_version=\u00bb4.19.4&#8243; _module_preset=\u00bbdefault\u00bb global_colors_info=\u00bb{}\u00bb][\/et_pb_image][\/et_pb_column][et_pb_column type=\u00bb1_3&#8243; _builder_version=\u00bb4.19.4&#8243; _module_preset=\u00bbdefault\u00bb global_colors_info=\u00bb{}\u00bb][et_pb_image src=\u00bbhttps:\/\/ombuzahora.com\/wp-content\/uploads\/2024\/06\/WhatsApp-Image-2024-06-20-at-09.00.43.jpeg\u00bb title_text=\u00bbWhatsApp Image 2024-06-20 at 09.00.43&#8243; _builder_version=\u00bb4.19.4&#8243; _module_preset=\u00bbdefault\u00bb global_colors_info=\u00bb{}\u00bb][\/et_pb_image][\/et_pb_column][et_pb_column type=\u00bb1_3&#8243; _builder_version=\u00bb4.19.4&#8243; _module_preset=\u00bbdefault\u00bb global_colors_info=\u00bb{}\u00bb][et_pb_image src=\u00bbhttps:\/\/ombuzahora.com\/wp-content\/uploads\/2024\/06\/WhatsApp-Image-2024-06-20-at-09.00.42.jpeg\u00bb title_text=\u00bbWhatsApp Image 2024-06-20 at 09.00.42&#8243; _builder_version=\u00bb4.19.4&#8243; _module_preset=\u00bbdefault\u00bb global_colors_info=\u00bb{}\u00bb][\/et_pb_image][\/et_pb_column][\/et_pb_row][et_pb_row column_structure=\u00bb1_3,1_3,1_3&#8243; _builder_version=\u00bb4.19.4&#8243; _module_preset=\u00bbdefault\u00bb global_colors_info=\u00bb{}\u00bb][et_pb_column type=\u00bb1_3&#8243; _builder_version=\u00bb4.19.4&#8243; _module_preset=\u00bbdefault\u00bb global_colors_info=\u00bb{}\u00bb][et_pb_image src=\u00bbhttps:\/\/ombuzahora.com\/wp-content\/uploads\/2024\/06\/WhatsApp-Image-2024-06-20-at-09.00.42-2.jpeg\u00bb title_text=\u00bbWhatsApp Image 2024-06-20 at 09.00.42 (2)\u00bb _builder_version=\u00bb4.19.4&#8243; _module_preset=\u00bbdefault\u00bb global_colors_info=\u00bb{}\u00bb][\/et_pb_image][\/et_pb_column][et_pb_column type=\u00bb1_3&#8243; _builder_version=\u00bb4.19.4&#8243; _module_preset=\u00bbdefault\u00bb global_colors_info=\u00bb{}\u00bb][et_pb_image src=\u00bbhttps:\/\/ombuzahora.com\/wp-content\/uploads\/2024\/06\/WhatsApp-Image-2024-06-20-at-09.00.40.jpeg\u00bb _builder_version=\u00bb4.19.4&#8243; _module_preset=\u00bbdefault\u00bb global_colors_info=\u00bb{}\u00bb][\/et_pb_image][\/et_pb_column][et_pb_column type=\u00bb1_3&#8243; _builder_version=\u00bb4.19.4&#8243; _module_preset=\u00bbdefault\u00bb global_colors_info=\u00bb{}\u00bb][et_pb_image src=\u00bbhttps:\/\/ombuzahora.com\/wp-content\/uploads\/2024\/06\/WhatsApp-Image-2024-06-20-at-09.00.33.jpeg\u00bb title_text=\u00bbWhatsApp Image 2024-06-20 at 09.00.33&#8243; _builder_version=\u00bb4.19.4&#8243; _module_preset=\u00bbdefault\u00bb global_colors_info=\u00bb{}\u00bb][\/et_pb_image][\/et_pb_column][\/et_pb_row][et_pb_row column_structure=\u00bb1_3,1_3,1_3&#8243; _builder_version=\u00bb4.19.4&#8243; _module_preset=\u00bbdefault\u00bb global_colors_info=\u00bb{}\u00bb][et_pb_column type=\u00bb1_3&#8243; _builder_version=\u00bb4.19.4&#8243; _module_preset=\u00bbdefault\u00bb global_colors_info=\u00bb{}\u00bb][et_pb_image src=\u00bbhttps:\/\/ombuzahora.com\/wp-content\/uploads\/2023\/11\/IMG_20200611_163411-01-01-scaled.jpeg\u00bb _builder_version=\u00bb4.19.4&#8243; _module_preset=\u00bbdefault\u00bb title_text=\u00bbIMG_20200611_163411-01-01&#8243; hover_enabled=\u00bb0&#8243; sticky_enabled=\u00bb0&#8243;][\/et_pb_image][\/et_pb_column][et_pb_column type=\u00bb1_3&#8243; _builder_version=\u00bb4.19.4&#8243; _module_preset=\u00bbdefault\u00bb global_colors_info=\u00bb{}\u00bb][et_pb_image src=\u00bbhttps:\/\/ombuzahora.com\/wp-content\/uploads\/2023\/11\/IMG_20200611_164135-01-scaled.jpeg\u00bb title_text=\u00bbMesita terraza\u00bb _builder_version=\u00bb4.19.4&#8243; _module_preset=\u00bbdefault\u00bb global_colors_info=\u00bb{}\u00bb][\/et_pb_image][\/et_pb_column][et_pb_column type=\u00bb1_3&#8243; _builder_version=\u00bb4.19.4&#8243; _module_preset=\u00bbdefault\u00bb global_colors_info=\u00bb{}\u00bb][et_pb_image src=\u00bbhttps:\/\/ombuzahora.com\/wp-content\/uploads\/2023\/11\/IMG_20200611_163813-01-scaled.jpeg\u00bb title_text=\u00bbIMG_20200611_163813-01&#8243; _builder_version=\u00bb4.19.4&#8243; _module_preset=\u00bbdefault\u00bb global_colors_info=\u00bb{}\u00bb][\/et_pb_image][\/et_pb_column][\/et_pb_row][et_pb_row column_structure=\u00bb1_3,1_3,1_3&#8243; _builder_version=\u00bb4.19.4&#8243; _module_preset=\u00bbdefault\u00bb global_colors_info=\u00bb{}\u00bb][et_pb_column type=\u00bb1_3&#8243; _builder_version=\u00bb4.19.4&#8243; _module_preset=\u00bbdefault\u00bb global_colors_info=\u00bb{}\u00bb][et_pb_image src=\u00bbhttps:\/\/ombuzahora.com\/wp-content\/uploads\/2023\/11\/IMG_20200611_163353-01-scaled.jpeg\u00bb title_text=\u00bbIMG_20200611_163353-01&#8243; _builder_version=\u00bb4.19.4&#8243; _module_preset=\u00bbdefault\u00bb global_colors_info=\u00bb{}\u00bb][\/et_pb_image][\/et_pb_column][et_pb_column type=\u00bb1_3&#8243; _builder_version=\u00bb4.19.4&#8243; _module_preset=\u00bbdefault\u00bb global_colors_info=\u00bb{}\u00bb][et_pb_image src=\u00bbhttps:\/\/ombuzahora.com\/wp-content\/uploads\/2024\/06\/WhatsApp-Image-2024-06-20-at-09.00.42-3.jpeg\u00bb _builder_version=\u00bb4.19.4&#8243; _module_preset=\u00bbdefault\u00bb global_colors_info=\u00bb{}\u00bb][\/et_pb_image][\/et_pb_column][et_pb_column type=\u00bb1_3&#8243; _builder_version=\u00bb4.19.4&#8243; _module_preset=\u00bbdefault\u00bb global_colors_info=\u00bb{}\u00bb][et_pb_image src=\u00bbhttps:\/\/ombuzahora.com\/wp-content\/uploads\/2023\/11\/IMG_20200611_163537-01-01-scaled.jpeg\u00bb title_text=\u00bbIMG_20200611_163537-01-01&#8243; _builder_version=\u00bb4.19.4&#8243; _module_preset=\u00bbdefault\u00bb global_colors_info=\u00bb{}\u00bb][\/et_pb_image][\/et_pb_column][\/et_pb_row][et_pb_row column_structure=\u00bb1_3,1_3,1_3&#8243; _builder_version=\u00bb4.19.4&#8243; _module_preset=\u00bbdefault\u00bb global_colors_info=\u00bb{}\u00bb][et_pb_column type=\u00bb1_3&#8243; _builder_version=\u00bb4.19.4&#8243; _module_preset=\u00bbdefault\u00bb global_colors_info=\u00bb{}\u00bb][et_pb_image src=\u00bbhttps:\/\/ombuzahora.com\/wp-content\/uploads\/2023\/11\/GOPR0876_1591887582300-01-scaled.jpeg\u00bb title_text=\u00bbt\/sdcard\/DCIM\/100GOPRO\/GOPR0876&#8243; _builder_version=\u00bb4.19.4&#8243; _module_preset=\u00bbdefault\u00bb global_colors_info=\u00bb{}\u00bb][\/et_pb_image][\/et_pb_column][et_pb_column type=\u00bb1_3&#8243; _builder_version=\u00bb4.19.4&#8243; _module_preset=\u00bbdefault\u00bb global_colors_info=\u00bb{}\u00bb][et_pb_image src=\u00bbhttps:\/\/ombuzahora.com\/wp-content\/uploads\/2023\/11\/IMG_20200611_163722-01-01-scaled.jpeg\u00bb title_text=\u00bbIMG_20200611_163722-01-01&#8243; _builder_version=\u00bb4.19.4&#8243; _module_preset=\u00bbdefault\u00bb global_colors_info=\u00bb{}\u00bb][\/et_pb_image][\/et_pb_column][et_pb_column type=\u00bb1_3&#8243; _builder_version=\u00bb4.19.4&#8243; _module_preset=\u00bbdefault\u00bb global_colors_info=\u00bb{}\u00bb][et_pb_image src=\u00bbhttps:\/\/ombuzahora.com\/wp-content\/uploads\/2023\/11\/IMG_20200611_164006-01-01-scaled.jpeg\u00bb title_text=\u00bbarmario\u00bb _builder_version=\u00bb4.19.4&#8243; _module_preset=\u00bbdefault\u00bb global_colors_info=\u00bb{}\u00bb][\/et_pb_image][\/et_pb_column][\/et_pb_row][et_pb_row column_structure=\u00bb1_3,1_3,1_3&#8243; _builder_version=\u00bb4.19.4&#8243; _module_preset=\u00bbdefault\u00bb global_colors_info=\u00bb{}\u00bb][et_pb_column type=\u00bb1_3&#8243; _builder_version=\u00bb4.19.4&#8243; _module_preset=\u00bbdefault\u00bb global_colors_info=\u00bb{}\u00bb][et_pb_image src=\u00bbhttps:\/\/ombuzahora.com\/wp-content\/uploads\/2023\/11\/IMG_20200611_165434-01-scaled.jpeg\u00bb title_text=\u00bbIMG_20200611_165434-01&#8243; _builder_version=\u00bb4.19.4&#8243; _module_preset=\u00bbdefault\u00bb global_colors_info=\u00bb{}\u00bb][\/et_pb_image][\/et_pb_column][et_pb_column type=\u00bb1_3&#8243; _builder_version=\u00bb4.19.4&#8243; _module_preset=\u00bbdefault\u00bb global_colors_info=\u00bb{}\u00bb][et_pb_image src=\u00bbhttps:\/\/ombuzahora.com\/wp-content\/uploads\/2024\/06\/WhatsApp-Image-2024-06-20-at-09.00.34.jpeg\u00bb title_text=\u00bbWhatsApp Image 2024-06-20 at 09.00.34&#8243; _builder_version=\u00bb4.19.4&#8243; _module_preset=\u00bbdefault\u00bb global_colors_info=\u00bb{}\u00bb][\/et_pb_image][\/et_pb_column][et_pb_column type=\u00bb1_3&#8243; _builder_version=\u00bb4.19.4&#8243; _module_preset=\u00bbdefault\u00bb global_colors_info=\u00bb{}\u00bb][et_pb_image src=\u00bbhttps:\/\/ombuzahora.com\/wp-content\/uploads\/2023\/11\/IMG_20200611_170255-01-scaled.jpeg\u00bb title_text=\u00bbIMG_20200611_170255-01&#8243; _builder_version=\u00bb4.19.4&#8243; _module_preset=\u00bbdefault\u00bb global_colors_info=\u00bb{}\u00bb][\/et_pb_image][\/et_pb_column][\/et_pb_row][et_pb_row column_structure=\u00bb1_3,1_3,1_3&#8243; _builder_version=\u00bb4.19.4&#8243; _module_preset=\u00bbdefault\u00bb global_colors_info=\u00bb{}\u00bb][et_pb_column type=\u00bb1_3&#8243; _builder_version=\u00bb4.19.4&#8243; _module_preset=\u00bbdefault\u00bb global_colors_info=\u00bb{}\u00bb][et_pb_image src=\u00bbhttps:\/\/ombuzahora.com\/wp-content\/uploads\/2023\/11\/IMG_20200611_163722-01-scaled.jpeg\u00bb title_text=\u00bbIMG_20200611_163722-01&#8243; _builder_version=\u00bb4.19.4&#8243; _module_preset=\u00bbdefault\u00bb global_colors_info=\u00bb{}\u00bb][\/et_pb_image][\/et_pb_column][et_pb_column type=\u00bb1_3&#8243; _builder_version=\u00bb4.19.4&#8243; _module_preset=\u00bbdefault\u00bb global_colors_info=\u00bb{}\u00bb][et_pb_image src=\u00bbhttps:\/\/ombuzahora.com\/wp-content\/uploads\/2023\/11\/IMG_20200611_163411-01-scaled.jpeg\u00bb title_text=\u00bbIMG_20200611_163411-01&#8243; _builder_version=\u00bb4.19.4&#8243; _module_preset=\u00bbdefault\u00bb global_colors_info=\u00bb{}\u00bb][\/et_pb_image][\/et_pb_column][et_pb_column type=\u00bb1_3&#8243; _builder_version=\u00bb4.19.4&#8243; _module_preset=\u00bbdefault\u00bb global_colors_info=\u00bb{}\u00bb][et_pb_image src=\u00bbhttps:\/\/ombuzahora.com\/wp-content\/uploads\/2023\/11\/GOPR0894_1591887582300-01-scaled.jpeg\u00bb title_text=\u00bbSof\u00e1 chill\u00bb _builder_version=\u00bb4.19.4&#8243; _module_preset=\u00bbdefault\u00bb global_colors_info=\u00bb{}\u00bb][\/et_pb_image][\/et_pb_column][\/et_pb_row][et_pb_row column_structure=\u00bb1_3,1_3,1_3&#8243; _builder_version=\u00bb4.19.4&#8243; _module_preset=\u00bbdefault\u00bb global_colors_info=\u00bb{}\u00bb][et_pb_column type=\u00bb1_3&#8243; _builder_version=\u00bb4.19.4&#8243; _module_preset=\u00bbdefault\u00bb global_colors_info=\u00bb{}\u00bb][et_pb_image src=\u00bbhttps:\/\/ombuzahora.com\/wp-content\/uploads\/2023\/11\/IMG_20200611_170255-01-scaled.jpeg\u00bb title_text=\u00bbIMG_20200611_170255-01&#8243; _builder_version=\u00bb4.19.4&#8243; _module_preset=\u00bbdefault\u00bb global_colors_info=\u00bb{}\u00bb][\/et_pb_image][\/et_pb_column][et_pb_column type=\u00bb1_3&#8243; _builder_version=\u00bb4.19.4&#8243; _module_preset=\u00bbdefault\u00bb global_colors_info=\u00bb{}\u00bb][et_pb_image src=\u00bbhttps:\/\/ombuzahora.com\/wp-content\/uploads\/2023\/11\/GOPR0890_1591887582300-01-scaled.jpeg\u00bb title_text=\u00bbt\/sdcard\/DCIM\/100GOPRO\/GOPR0890&#8243; _builder_version=\u00bb4.19.4&#8243; _module_preset=\u00bbdefault\u00bb global_colors_info=\u00bb{}\u00bb][\/et_pb_image][\/et_pb_column][et_pb_column type=\u00bb1_3&#8243; _builder_version=\u00bb4.19.4&#8243; _module_preset=\u00bbdefault\u00bb global_colors_info=\u00bb{}\u00bb][et_pb_image src=\u00bbhttps:\/\/ombuzahora.com\/wp-content\/uploads\/2023\/11\/IMG_20200611_165104-01-scaled.jpeg\u00bb title_text=\u00bbIMG_20200611_165104-01&#8243; _builder_version=\u00bb4.19.4&#8243; _module_preset=\u00bbdefault\u00bb global_colors_info=\u00bb{}\u00bb][\/et_pb_image][\/et_pb_column][\/et_pb_row][et_pb_row column_structure=\u00bb1_3,1_3,1_3&#8243; _builder_version=\u00bb4.19.4&#8243; _module_preset=\u00bbdefault\u00bb global_colors_info=\u00bb{}\u00bb][et_pb_column type=\u00bb1_3&#8243; _builder_version=\u00bb4.19.4&#8243; _module_preset=\u00bbdefault\u00bb global_colors_info=\u00bb{}\u00bb][et_pb_image src=\u00bbhttps:\/\/ombuzahora.com\/wp-content\/uploads\/2023\/11\/IMG_20200611_165303-01-scaled.jpeg\u00bb title_text=\u00bbCocina\u00bb _builder_version=\u00bb4.19.4&#8243; _module_preset=\u00bbdefault\u00bb global_colors_info=\u00bb{}\u00bb][\/et_pb_image][\/et_pb_column][et_pb_column type=\u00bb1_3&#8243; _builder_version=\u00bb4.19.4&#8243; _module_preset=\u00bbdefault\u00bb global_colors_info=\u00bb{}\u00bb][et_pb_image src=\u00bbhttps:\/\/ombuzahora.com\/wp-content\/uploads\/2023\/11\/IMG_20200611_164829-01-scaled.jpeg\u00bb title_text=\u00bbCocina\u00bb _builder_version=\u00bb4.19.4&#8243; _module_preset=\u00bbdefault\u00bb global_colors_info=\u00bb{}\u00bb][\/et_pb_image][\/et_pb_column][et_pb_column type=\u00bb1_3&#8243; _builder_version=\u00bb4.19.4&#8243; _module_preset=\u00bbdefault\u00bb global_colors_info=\u00bb{}\u00bb][et_pb_image src=\u00bbhttps:\/\/ombuzahora.com\/wp-content\/uploads\/2023\/11\/IMG_20200611_164135-01-scaled.jpeg\u00bb title_text=\u00bbMesita terraza\u00bb _builder_version=\u00bb4.19.4&#8243; _module_preset=\u00bbdefault\u00bb global_colors_info=\u00bb{}\u00bb][\/et_pb_image][\/et_pb_column][\/et_pb_row][\/et_pb_section][et_pb_section fb_built=\u00bb1&#8243; _builder_version=\u00bb4.19.4&#8243; _module_preset=\u00bbdefault\u00bb global_colors_info=\u00bb{}\u00bb][et_pb_row _builder_version=\u00bb4.19.4&#8243; _module_preset=\u00bbdefault\u00bb global_colors_info=\u00bb{}\u00bb][et_pb_column type=\u00bb4_4&#8243; _builder_version=\u00bb4.19.4&#8243; _module_preset=\u00bbdefault\u00bb global_colors_info=\u00bb{}\u00bb][et_pb_button button_text=\u00bbCont\u00e1ctanos!\u00bb button_alignment=\u00bbcenter\u00bb _builder_version=\u00bb4.19.4&#8243; _module_preset=\u00bbdefault\u00bb custom_button=\u00bbon\u00bb button_text_color=\u00bb#FFFFFF\u00bb button_bg_color=\u00bb#3D6C04&#8243; button_border_width=\u00bb0px\u00bb button_border_radius=\u00bb4px\u00bb button_font=\u00bbOpen Sans||||||||\u00bb custom_padding=\u00bb15px|30px|15px|30px|false|true\u00bb global_colors_info=\u00bb{}\u00bb][\/et_pb_button][et_pb_code _builder_version=\u00bb4.19.4&#8243; _module_preset=\u00bbdefault\u00bb hover_enabled=\u00bb0&#8243; custom_css_main_element=\u00bbfont-family: Open Sans;||font-size: 18px;||color: black;||a{||  color: black;||}||th {||  font-family: Montserrat;||  font-size: 24px;||}||@media screen and (max-width: 600px){||  .temporada_col{||  display: none;||}||}||||\u00bb global_colors_info=\u00bb{}\u00bb sticky_enabled=\u00bb0&#8243;]<\/p>\n<table style=\"width: 100%; border-collapse: collapse;\"><!-- [et_pb_line_break_holder] -->  <\/p>\n<thead><!-- [et_pb_line_break_holder] -->    <\/p>\n<tr style=\"background-color: #f2f2f2;\"><!-- [et_pb_line_break_holder] -->      <\/p>\n<th style=\"padding: 10px; text-align: left; border: 1px solid #ddd;\" class = \"temporada_col\">Temporada<\/th>\n<p><!-- [et_pb_line_break_holder] -->      <\/p>\n<th style=\"padding: 10px; text-align: left; border: 1px solid #ddd;\">Meses<\/th>\n<p><!-- [et_pb_line_break_holder] -->      <\/p>\n<th style=\"padding: 10px; text-align: left; border: 1px solid #ddd;\">Condiciones<\/th>\n<p><!-- [et_pb_line_break_holder] -->    <\/tr>\n<p><!-- [et_pb_line_break_holder] -->  <\/thead>\n<p><!-- [et_pb_line_break_holder] -->  <\/p>\n<tbody><!-- [et_pb_line_break_holder] -->    <\/p>\n<tr><!-- [et_pb_line_break_holder] -->      <\/p>\n<td style=\"padding: 10px; border: 1px solid #ddd;\" rowspan=\"2\" class = \"temporada_col\">Verano<\/td>\n<p><!-- [et_pb_line_break_holder] -->      <\/p>\n<td style=\"padding: 10px; border: 1px solid #ddd;\">Junio y Septiembre<\/td>\n<p><!-- [et_pb_line_break_holder] -->      <\/p>\n<td style=\"padding: 10px; border: 1px solid #ddd;\">M\u00ednimo dos noches.<!\u2013- [et_pb_br_holder] -\u2013>Precio especial en junio si se alquila una semana de lunes a lunes.<\/td>\n<p><!-- [et_pb_line_break_holder] -->    <\/tr>\n<p><!-- [et_pb_line_break_holder] -->    <\/p>\n<tr><!-- [et_pb_line_break_holder] -->      <\/p>\n<td style=\"padding: 10px; border: 1px solid #ddd;\">Julio y Agosto<\/td>\n<p><!-- [et_pb_line_break_holder] -->      <\/p>\n<td style=\"padding: 10px; border: 1px solid #ddd;\">M\u00ednimo una semana.<\/td>\n<p><!-- [et_pb_line_break_holder] -->    <\/tr>\n<p><!-- [et_pb_line_break_holder] -->    <\/p>\n<tr><!-- [et_pb_line_break_holder] -->      <\/p>\n<td style=\"padding: 10px; border: 1px solid #ddd;\" class = \"temporada_col\">Invierno<\/td>\n<p><!-- [et_pb_line_break_holder] -->      <\/p>\n<td style=\"padding: 10px; border: 1px solid #ddd;\">Octubre a Mayo<\/td>\n<p><!-- [et_pb_line_break_holder] -->      <\/p>\n<td style=\"padding: 10px; border: 1px solid #ddd;\">Alquiler por semanas y meses. Tambi\u00e9n fines de semana.<!\u2013- [et_pb_br_holder] -\u2013>Consultar precios.<\/td>\n<p><!-- [et_pb_line_break_holder] -->    <\/tr>\n<p><!-- [et_pb_line_break_holder] -->    <\/p>\n<tr><!-- [et_pb_line_break_holder] -->      <\/p>\n<td style=\"padding: 10px; border: 1px solid #ddd;\" class = \"temporada_col\">Temporada Escolar<\/td>\n<p><!-- [et_pb_line_break_holder] -->      <\/p>\n<td style=\"padding: 10px; border: 1px solid #ddd;\">15 de septiembre al 15 de junio<\/td>\n<p><!-- [et_pb_line_break_holder] -->      <\/p>\n<td style=\"padding: 10px; border: 1px solid #ddd;\">Consultar precios.<\/td>\n<p><!-- [et_pb_line_break_holder] -->    <\/tr>\n<p><!-- [et_pb_line_break_holder] -->  <\/tbody>\n<p><!-- [et_pb_line_break_holder] --><\/table>\n<p><!-- [et_pb_line_break_holder] --><!-- [et_pb_line_break_holder] -->[\/et_pb_code][\/et_pb_column][\/et_pb_row][\/et_pb_section]<\/p>\n","protected":false},"excerpt":{"rendered":"<p>TOTALMENTE EQUIPADA Desde Apartamentos Omb\u00fa nos preocupamos por el bienestar y la comodidad de nuestros hu\u00e9spedes. Desde el primer d\u00eda hemos escuchado las sugerencias y peticiones de todo aquel que ha pasado sus vacaciones en el apartamento. Gracias a esto hemos ido equipando y adaptando los espacios con los que contamos para el mayor disfrute [&hellip;]<\/p>\n","protected":false},"author":1,"featured_media":0,"parent":0,"menu_order":0,"comment_status":"closed","ping_status":"closed","template":"","meta":{"_et_pb_use_builder":"on","_et_pb_old_content":"","_et_gb_content_width":"","inline_featured_image":false,"footnotes":""},"class_list":["post-7060","page","type-page","status-publish","hentry"],"_links":{"self":[{"href":"https:\/\/ombuzahora.com\/index.php\/wp-json\/wp\/v2\/pages\/7060","targetHints":{"allow":["GET"]}}],"collection":[{"href":"https:\/\/ombuzahora.com\/index.php\/wp-json\/wp\/v2\/pages"}],"about":[{"href":"https:\/\/ombuzahora.com\/index.php\/wp-json\/wp\/v2\/types\/page"}],"author":[{"embeddable":true,"href":"https:\/\/ombuzahora.com\/index.php\/wp-json\/wp\/v2\/users\/1"}],"replies":[{"embeddable":true,"href":"https:\/\/ombuzahora.com\/index.php\/wp-json\/wp\/v2\/comments?post=7060"}],"version-history":[{"count":25,"href":"https:\/\/ombuzahora.com\/index.php\/wp-json\/wp\/v2\/pages\/7060\/revisions"}],"predecessor-version":[{"id":7286,"href":"https:\/\/ombuzahora.com\/index.php\/wp-json\/wp\/v2\/pages\/7060\/revisions\/7286"}],"wp:attachment":[{"href":"https:\/\/ombuzahora.com\/index.php\/wp-json\/wp\/v2\/media?parent=7060"}],"curies":[{"name":"wp","href":"https:\/\/api.w.org\/{rel}","templated":true}]}}